{"id":5,"date":"2017-11-04T01:27:06","date_gmt":"2017-11-04T01:27:06","guid":{"rendered":"http:\/\/serranotransportes.com.br\/site\/?page_id=5"},"modified":"2024-10-09T14:08:40","modified_gmt":"2024-10-09T14:08:40","slug":"one-page-express","status":"publish","type":"page","link":"https:\/\/serranotransportes.com.br\/site\/","title":{"rendered":"Front Page"},"content":{"rendered":"<div  id=\"bloco-1\" style=\"background-color: #ffffff;\" data-label=\"Bloco 1\" data-id=\"stripped-coloured-icon-boxes\" data-category=\"overlapable\" class=\"features-coloured-icon-boxes-section\" data-overlap=\"true\"> <div  class=\"gridContainer\"> <div  class=\"features-coloured-icon-boxes-innerrow flexbox-list dark-text\" data-type=\"row\"> <div  class=\"features-coloured-icon-boxes-featurecol cp3cols\"> <div  class=\"features-coloured-icon-boxes-iconcontainer\" data-content-item-container=\"true\"> <i  data-cp-fa=\"true\" class=\"features-coloured-icon fa fa-whatsapp\"><\/i> <\/div> <h4  class=\"\">WhatsApp Informa\u00e7\u00f5es<br >+55 51 30431925<\/h4> <p  class=\"\">Veja sua posi\u00e7\u00e3o de entrega, solicita\u00e7\u00f5es de coleta e demais informa\u00e7\u00f5es&nbsp;neste n\u00famero:<\/p>  <img  class=\"custom-image\" src=\"https:\/\/serranotransportes.com.br\/site\/wp-content\/uploads\/2024\/01\/qrcode-whats-agilidade-1.jpg\" alt=\"\"><\/div> <div  class=\"features-coloured-icon-boxes-featurecol cp3cols\"> <div  class=\"features-coloured-icon-boxes-iconcontainer\" data-content-item-container=\"true\"> <i  data-cp-fa=\"true\" class=\"features-coloured-icon fa fa-whatsapp\"><\/i> <\/div> <h4  class=\"\">WhatsApp Comercial<br >+55 51 995112868<\/h4> <p  class=\"\">Fale com nossa equipe apontando a c\u00e2mera do seu celular para o QR Code abaixo:<\/p>  <img  class=\"custom-image\" src=\"https:\/\/serranotransportes.com.br\/site\/wp-content\/uploads\/2023\/10\/whatsapp-qrcode.jpg\" alt=\"\"><\/div> <div  class=\"features-coloured-icon-boxes-featurecol cp3cols\"> <div  class=\"features-coloured-icon-boxes-iconcontainer\" data-content-item-container=\"true\"> <i  data-cp-fa=\"true\" class=\"features-coloured-icon fa fa-whatsapp\"><\/i> <\/div> <h4  class=\"\">WhatsApp Cobran\u00e7a\n<br >+55 51 998383440<\/h4> <p  class=\"\">Fale com nossa equipe apontando a c\u00e2mera do seu celular para o QR Code abaixo:<\/p>  <img  class=\"custom-image\" src=\"https:\/\/serranotransportes.com.br\/site\/wp-content\/uploads\/2023\/10\/qrcode-whats-cobranca.jpg\" alt=\"\"><\/div> <div  class=\"features-coloured-icon-boxes-featurecol cp3cols\"> <div  class=\"features-coloured-icon-boxes-iconcontainer\" data-content-item-container=\"true\"> <i  data-cp-fa=\"true\" class=\"features-coloured-icon fa fa-road\"><\/i> <\/div> <h4  class=\"\">Nossa Frota<\/h4> <p  class=\"\">Frota pr\u00f3pria renovada, com veiculos de diferentes portes para coleta e entrega aliados a carretas equipadas com tecnologia de ponta e rastreamento via sat\u00e9lite.<\/p>  <a class=\"button blue\" href=\"https:\/\/serranotransportes.com.br\/site?page_id=298\" target=\"_self\" rel=\"noopener\">Veja nossa Frota..<\/a><\/div> <\/div> <\/div><\/div><div  id=\"bloco-2\" style=\"background-color: #f6f6f6;\" data-label=\"Bloco 2\" data-id=\"about-big-images-section\" data-category=\"about\" class=\"about-big-images-section\"> <div  class=\"gridContainer\"> <div  class=\"about-big-images-textrow\"> <div  class=\"about-big-images-textcol dynamic-color\" data-type=\"column\"> <h5  class=\"\">Coleta, Armazenamento, Transporte e Entrega<\/h5> <h3  class=\"\">TRANSPORTE E LOG\u00cdSTICA EFICIENTES<\/h3> <p  class=\"\">Num mundo&nbsp; globalizado torna-se cada vez mais necess\u00e1rio uma log\u00edstica eficiente com transporte adequado, cumprimento de prazos e metas garantindo assim neg\u00f3cios rent\u00e1veis, est\u00e1veis e sustent\u00e1veis.<\/p>  <\/div> <\/div> <\/div> <div  class=\"about-big-images-bottomrow\"> <div  class=\"about-big-images-leftimgcol\"><img  class=\"about-big-images-leftimg\" src=\"https:\/\/serranotransportes.com.br\/site\/wp-content\/uploads\/2017\/11\/deposito_01.jpg\"> <\/div> <div  class=\"about-big-images-centerimgcol\"><img  class=\"about-big-images-centerimg\" src=\"https:\/\/serranotransportes.com.br\/site\/wp-content\/uploads\/2017\/11\/carga_03.png\"> <\/div> <div  class=\"about-big-images-rightimgcol\"><img  class=\"about-big-images-rightimg\" src=\"https:\/\/serranotransportes.com.br\/site\/wp-content\/uploads\/2017\/11\/carga_16.jpg\"> <\/div> <\/div> <\/div><div  id=\"bloco-4\" style=\"background-color: #f6f6f6;\" data-label=\"Bloco 4\" data-id=\"content-image-right\" data-category=\"content\" class=\"content-right-image-section\"> <div  class=\"gridContainer\"> <div  class=\"content-right-image-gridcol\"> <div  class=\"content-right-image-textcol dynamic-color\" data-type=\"column\"> <h2  class=\"\">Seja qual for o destino\u2026<\/h2> <p  class=\"large_text\"> Estamos preparados para realizar o transporte terrestre rodovi\u00e1rio com rapidez e efici\u00eancia.<\/p>  <\/div> <div  class=\"content-right-image-imgcol\" data-type=\"column\"> <img  src=\"https:\/\/serranotransportes.com.br\/site\/wp-content\/uploads\/2023\/10\/caminhao_serrano_1.jpg\" class=\"\" alt=\"\"> <\/div> <\/div> <\/div> <\/div><div  id=\"bloco-5-banner-azul\" style=\"background-color: #ffffff;\" data-label=\"Bloco 5 Banner Azul\" data-id=\"portfolio-full-section\" data-category=\"portfolio\"> <div  class=\"portfolio-full-section\" data-type=\"row\"> <div  class=\"portfolio-full-projectco cp4cols cp4cols-tablet\"> <div  class=\"contentswap-effect ContentSwap103\" hover-fx=\"ContentSwap103\" id=\"ContentSwap103\"> <div  class=\"ContentSwap103_content initial-image\"><img  class=\"portfolio-full-projectimg\" data-size=\"1200x800\" src=\"https:\/\/serranotransportes.com.br\/site\/wp-content\/plugins\/one-page-express-companion\/theme-data\/one-page-express\/sections\/images\/project3.jpg\"> <\/div> <div  class=\"overlay\" style=\"display: block; opacity: 1;\"><\/div> <div  class=\"swap-inner\" style=\"opacity: 1; display: block;\"> <div  class=\"ContentSwap103-center\"> <h4  class=\"protfolio-full-itemtitle\">COMPROMISSO<\/h4><a class=\"button yellow\" href=\"#\" target=\"_self\" rel=\"noopener\">= PONTUALIDADE<\/a> <\/div> <\/div> <\/div> <\/div> <div  class=\"portfolio-full-projectco cp4cols cp4cols-tablet\"> <div  class=\"contentswap-effect ContentSwap103\" hover-fx=\"ContentSwap103\" id=\"ContentSwap103\" is-hovered=\"1\"> <div  class=\"ContentSwap103_content initial-image\"><img  class=\"portfolio-full-projectimg\" data-size=\"1200x800\" src=\"https:\/\/serranotransportes.com.br\/site\/wp-content\/plugins\/one-page-express-companion\/theme-data\/one-page-express\/sections\/images\/project1.jpg\"> <\/div> <div  class=\"overlay\" style=\"display: block; opacity: 1;\"><\/div> <div  class=\"swap-inner\" style=\"opacity: 1; display: block;\"> <div  class=\"ContentSwap103-center\"> <h4  class=\"protfolio-full-itemtitle\">PLANEJAMENTO<\/h4><a class=\"button yellow\" href=\"#\" target=\"_self\" rel=\"noopener\">= Efici\u00eancia<\/a> <\/div> <\/div> <\/div> <\/div> <div  class=\"portfolio-full-projectco cp4cols cp4cols-tablet\"> <div  class=\"contentswap-effect ContentSwap103\" hover-fx=\"ContentSwap103\" id=\"ContentSwap103\" is-hovered=\"1\"> <div  class=\"ContentSwap103_content initial-image\"><img  class=\"portfolio-full-projectimg\" data-size=\"1200x800\" src=\"https:\/\/serranotransportes.com.br\/site\/wp-content\/uploads\/2022\/07\/cropped-frota-serrano-04.jpeg\"> <\/div> <div  class=\"overlay\" style=\"display: block; opacity: 1;\"><\/div> <div  class=\"swap-inner\" style=\"opacity: 1; display: block;\"> <div  class=\"ContentSwap103-center\"> <h4  class=\"protfolio-full-itemtitle\">TRANSPORTE<\/h4><a class=\"button yellow\" href=\"#\" target=\"_self\" rel=\"noopener\">RODOVI\u00c1RIO<\/a> <\/div> <\/div> <\/div> <\/div><\/div><\/div><div  id=\"bloco-6-principios\" style=\"background-color: #f6f6f6;\" data-label=\"Bloco 6 Principios\" data-id=\"testimonials-boxed-section\" data-category=\"testimonials\" class=\"testimonials-boxed-section\"> <div  class=\"gridContainer\"> <div  class=\"testimonials-boxed-textcol dynamic-color\" data-type=\"column\"> <h2  class=\"\">Princ\u00edpios e Valores<\/h2> <p  class=\"\">Aprendizagem e Inova\u00e7\u00e3o Cont\u00ednuas<\/p> <\/div> <div  class=\"testimonials-boxed-itemsrow dark-text\" data-type=\"row\"> <div  class=\"testimonials-boxed-itemcol cp4cols cp6cols-tablet\"> <div  class=\"testimonials-boxed-itemcard\" data-type=\"column\"> <h4  class=\"testimonials-boxed-itemtext\">\u201cOferecer servi\u00e7os de qualidade em transportes&nbsp; &nbsp;de carga\u201d<\/h4><img  class=\"testimonials-boxed-itemimg\" data-size=\"500x500\" src=\"https:\/\/serranotransportes.com.br\/site\/wp-content\/uploads\/2017\/11\/cropped-carga_07.jpg\"> <h5  class=\"testimonials-boxed-itemname\">Miss\u00e3o<\/h5>  <\/div> <\/div> <div  class=\"testimonials-boxed-itemcol cp4cols cp6cols-tablet\"> <div  class=\"testimonials-boxed-itemcard\" data-type=\"column\"> <h4  class=\"testimonials-boxed-itemtext\">\u201cSer referencial em transportes rodovi\u00e1rios armazenagem e log\u00edstica.\u201d<\/h4><img  class=\"testimonials-boxed-itemimg\" data-size=\"500x500\" src=\"https:\/\/serranotransportes.com.br\/site\/wp-content\/uploads\/2017\/11\/cropped-carga_11.jpg\"> <h5  class=\"testimonials-boxed-itemname\">Vis\u00e3o<\/h5>  <\/div> <\/div> <div  class=\"testimonials-boxed-itemcol cp4cols cp6cols-tablet\"> <div  class=\"testimonials-boxed-itemcard\" data-type=\"column\"> <h4  class=\"testimonials-boxed-itemtext\">\u201c\u00c9tica nos Neg\u00f3cios, Inova\u00e7\u00e3o, Responsabilidade Social e Ambiental\u201d<\/h4><img  class=\"testimonials-boxed-itemimg\" data-size=\"500x500\" src=\"https:\/\/serranotransportes.com.br\/site\/wp-content\/uploads\/2017\/11\/cropped-responsabilidade_1.jpg\"> <h5  class=\"testimonials-boxed-itemname\">Valores<\/h5>  <\/div> <\/div> <\/div> <\/div><\/div><div  id=\"bloco-7-banner-ligue\" data-label=\"Bloco 7 Banner Ligue\" data-id=\"cta-blue-section\" data-category=\"cta\" class=\"cta-blue-section\"> <div  class=\"gridContainer\"> <div  class=\"flexbox-list flexbox-list-align-center row\"> <div  class=\"cta-blue-textcol dynamic-color\"> <h2  class=\"cta-blue-text\">Ligue:\n<br >(51)&nbsp;3043.1925 \/ 3032-2601<\/h2> <\/div> <div  class=\"cta-blue-btncol\"> <a class=\"button big yellow dark-text\" href=\"mailto:comercial@serranotransportes.com.br\" target=\"_self\" rel=\"noopener\"> EMAIL <\/a> <\/div> <\/div> <\/div> <\/div><div  id=\"bloco-8-compromisso\" style=\"background-color: #ffffff;\" data-label=\"Bloco 8 Compromisso\" data-id=\"team-colors-section\" data-category=\"team\" class=\"team-colors-section\"> <div  class=\"gridContainer\"> <div  class=\"team-colors-textcol dynamic-color\"> <h2 >COMPROMISSO<\/h2> <p  class=\"\">Todos os dias trabalhamos com o compromisso de construir uma rela\u00e7\u00e3o onde a transpar\u00eancia e o respeito ao cliente gerem novas oportunidades de neg\u00f3cios.<\/p> <\/div> <div  class=\"team-colors-membersrow dark-text\" data-type=\"row\"> <div  class=\"team-colors-membercol cp3cols cp6cols-tablet\"> <div  class=\"team-colors-membercard\"> <div  class=\"team-colors-background\"><\/div> <div  class=\"team-colors-memberinfo\" data-type=\"column\"><img  class=\"team-colors-memberimg\" data-size=\"500x500\" src=\"https:\/\/serranotransportes.com.br\/site\/wp-content\/uploads\/2017\/11\/cropped-gestao.jpg\"> <h4  class=\"team-colors-membername\">Gest\u00e3o<\/h4>  <p  class=\"\">Al\u00e9m disso, nossos clientes contam com todo o planejamento e gest\u00e3o&nbsp; de transportes, al\u00e9m do melhor armazenamento para cada tipo de produto.<\/p> <hr  class=\"team-colors-separator\"> <\/div> <div  class=\"team-colors-membericons\" data-type=\"group\"> <a href=\"https:\/\/www.facebook.com\/pages\/Rodoviario-Serrano-Ltda-Me\/1722739207990599?rf=1759896087587338\" target=\"_self\" class=\"\" data-reiki-hidden=\"true\" rel=\"noopener\"><i  data-cp-fa=\"true\" class=\"team-colors-icon fa fa-facebook-official\"><\/i><\/a> <a href=\"#\" target=\"_self\" data-reiki-hidden=\"true\" rel=\"noopener\"><i  data-cp-fa=\"true\" class=\"fa team-colors-icon fa-twitter\"><\/i><\/a> <a href=\"#\" target=\"_self\" data-reiki-hidden=\"true\" rel=\"noopener\"><i  data-cp-fa=\"true\" class=\"fa team-colors-icon fa-dribbble\"><\/i><\/a> <\/div> <\/div> <\/div> <div  class=\"team-colors-membercol cp3cols cp6cols-tablet\"> <div  class=\"team-colors-membercard\"> <div  class=\"team-colors-background\"><\/div> <div  class=\"team-colors-memberinfo\" data-type=\"column\"><img  class=\"team-colors-memberimg\" data-size=\"500x500\" src=\"https:\/\/serranotransportes.com.br\/site\/wp-content\/uploads\/2017\/11\/cropped-marca.jpg\"> <h4  class=\"team-colors-membername\">Marca<\/h4>  <p  class=\"\">Mais do que mercadorias, n\u00f3s entendemos que transportamos a sua Marca que \u00e9 o seu maior patrim\u00f4nio e que devemos zelar por ele como se nosso.<\/p> <hr  class=\"team-colors-separator\"> <\/div> <div  class=\"team-colors-membericons\" data-type=\"group\"> <a href=\"#\" target=\"_self\" data-reiki-hidden=\"true\" rel=\"noopener\"><i  data-cp-fa=\"true\" class=\"team-colors-icon fa fa-linkedin\"><\/i><\/a> <a href=\"#\" target=\"_self\" data-reiki-hidden=\"true\" rel=\"noopener\"><i  data-cp-fa=\"true\" class=\"fa team-colors-icon fa-twitter\"><\/i><\/a> <a href=\"#\" target=\"_self\" data-reiki-hidden=\"true\" rel=\"noopener\"><i  data-cp-fa=\"true\" class=\"fa team-colors-icon fa-dribbble\"><\/i><\/a> <\/div> <\/div> <\/div> <div  class=\"team-colors-membercol cp3cols cp6cols-tablet\"> <div  class=\"team-colors-membercard\"> <div  class=\"team-colors-background\"><\/div> <div  class=\"team-colors-memberinfo\" data-type=\"column\"><img  class=\"team-colors-memberimg\" data-size=\"500x500\" src=\"https:\/\/serranotransportes.com.br\/site\/wp-content\/uploads\/2017\/11\/cropped-logistica.jpg\"> <h4  class=\"team-colors-membername\">Log\u00edstica<\/h4>  <p  class=\"\">Auxiliamos aperfei\u00e7oando sua cadeia log\u00edstica com vantagem competitiva, para que seus produtos e mercadorias cheguem r\u00e1pidamente ao seu p\u00fablico alvo.<\/p> <hr  class=\"team-colors-separator\"> <\/div> <div  class=\"team-colors-membericons\" data-type=\"group\"> <a href=\"#\" target=\"_self\" data-reiki-hidden=\"true\" rel=\"noopener\"><i  data-cp-fa=\"true\" class=\"team-colors-icon fa fa-linkedin\"><\/i><\/a> <a href=\"#\" target=\"_self\" data-reiki-hidden=\"true\" rel=\"noopener\"><i  data-cp-fa=\"true\" class=\"fa team-colors-icon fa-twitter\"><\/i><\/a> <a href=\"#\" target=\"_self\" data-reiki-hidden=\"true\" rel=\"noopener\"><i  data-cp-fa=\"true\" class=\"fa team-colors-icon fa-dribbble\"><\/i><\/a> <\/div> <\/div> <\/div> <div  class=\"team-colors-membercol cp3cols cp6cols-tablet\"> <div  class=\"team-colors-membercard\"> <div  class=\"team-colors-background\"><\/div> <div  class=\"team-colors-memberinfo\" data-type=\"column\"><img  class=\"team-colors-memberimg\" data-size=\"500x500\" src=\"https:\/\/serranotransportes.com.br\/site\/wp-content\/uploads\/2017\/11\/cropped-diferenciais.jpg\"> <h4  class=\"team-colors-membername\">Diferenciais<\/h4>  <p  class=\"\">Gerenciamento de Risco, Informatiza\u00e7\u00e3o e Comunica\u00e7\u00e3o, Qualifica\u00e7\u00e3o Profissional, Seguros de carga RCF-C e RCTR-C, Ped\u00e1gio sem Parar.<\/p> <hr  class=\"team-colors-separator\"> <\/div> <div  class=\"team-colors-membericons\" data-type=\"group\"> <a href=\"#\" target=\"_self\" data-reiki-hidden=\"true\" rel=\"noopener\"><i  data-cp-fa=\"true\" class=\"team-colors-icon fa fa-linkedin\"><\/i><\/a> <a href=\"#\" target=\"_self\" data-reiki-hidden=\"true\" rel=\"noopener\"><i  data-cp-fa=\"true\" class=\"fa team-colors-icon fa-twitter\"><\/i><\/a> <a href=\"#\" target=\"_self\" data-reiki-hidden=\"true\" rel=\"noopener\"><i  data-cp-fa=\"true\" class=\"fa team-colors-icon fa-dribbble\"><\/i><\/a> <\/div> <\/div> <\/div> <\/div> <\/div><\/div><div  id=\"bloco-9-numeros\" data-label=\"Bloco 9 Numeros\" data-id=\"numbers-section\" data-category=\"numbers\" data-bg=\"transparent\" class=\"numbers-section\" data-parallax-depth=\"20\"> <div  class=\"gridContainer dynamic-color\"> <div  class=\"numbers-itemcol\"> <h2  class=\"numbers-numbertext\">+ 1.800<\/h2> <h3  class=\"numbers-titletext\">CIDADES&nbsp;<\/h3> <\/div> <div  class=\"numbers-itemcol\"> <h2  class=\"numbers-numbertext\"><\/h2> <h3  class=\"numbers-titletext\">CONTATO<\/h3> <\/div> <div  class=\"numbers-itemcol-last\"> <h2  class=\"numbers-numbertext\">+ 1 MILH\u00c3O<\/h2> <h3  class=\"numbers-titletext\">KM RODADOS<\/h3> <\/div> <\/div><\/div><div  id=\"contato\" data-label=\"CONTATO\" data-id=\"contact-section\" data-category=\"contact\" data-bg=\"transparent\" class=\"contact-section-formsection white-text\"> <div  class=\"gridContainer\"> <div  class=\"row_224\"> <div  class=\"contact-textrow\"> <div  class=\"contact-textcol dynamic-color\"> <h2  class=\"\">(51) 3043.1925\n<br >(51) 3032-2601<\/h2> <p  class=\"white_text\">comercial@serranotransportes.com.br\n<br >Rua Mau\u00e1,  294 \u2013&nbsp;Rio Branco<br >Canoas\/RS<\/p> <\/div> <\/div> <\/div> <div  class=\"contact-formcol\" data-content-shortcode=\"one_page_express_contact_form shortcode=&quot;contact-form-7 id=&amp;amp;quot;35&amp;amp;quot; title=&amp;amp;quot;Contato&amp;amp;quot;        &quot;\" data-editable=\"true\"><div role=\"form\" class=\"wpcf7\" id=\"wpcf7-f35-o1\" lang=\"pt-BR\" dir=\"ltr\">\n<div class=\"screen-reader-response\"><p role=\"status\" aria-live=\"polite\" aria-atomic=\"true\"><\/p> <ul><\/ul><\/div>\n<form action=\"\/site\/index.php?rest_route=%2Fwp%2Fv2%2Fpages%2F5#wpcf7-f35-o1\" method=\"post\" class=\"wpcf7-form init\" novalidate=\"novalidate\" data-status=\"init\">\n<div style=\"display: none;\">\n<input type=\"hidden\" name=\"_wpcf7\" value=\"35\" \/>\n<input type=\"hidden\" name=\"_wpcf7_version\" value=\"5.6\" \/>\n<input type=\"hidden\" name=\"_wpcf7_locale\" value=\"pt_BR\" \/>\n<input type=\"hidden\" name=\"_wpcf7_unit_tag\" value=\"wpcf7-f35-o1\" \/>\n<input type=\"hidden\" name=\"_wpcf7_container_post\" value=\"0\" \/>\n<input type=\"hidden\" name=\"_wpcf7_posted_data_hash\" value=\"\" \/>\n<\/div>\n<p><label> Seu nome (obrigat\u00f3rio)<br \/>\n    <span class=\"wpcf7-form-control-wrap\" data-name=\"your-name\"><input type=\"text\" name=\"your-name\" value=\"\" size=\"40\" class=\"wpcf7-form-control wpcf7-text wpcf7-validates-as-required\" aria-required=\"true\" aria-invalid=\"false\" \/><\/span> <\/label><\/p>\n<p><label> Seu e-mail (obrigat\u00f3rio)<br \/>\n    <span class=\"wpcf7-form-control-wrap\" data-name=\"your-email\"><input type=\"email\" name=\"your-email\" value=\"\" size=\"40\" class=\"wpcf7-form-control wpcf7-text wpcf7-email wpcf7-validates-as-required wpcf7-validates-as-email\" aria-required=\"true\" aria-invalid=\"false\" \/><\/span> <\/label><\/p>\n<p><label> Assunto<br \/>\n    <span class=\"wpcf7-form-control-wrap\" data-name=\"your-subject\"><input type=\"text\" name=\"your-subject\" value=\"\" size=\"40\" class=\"wpcf7-form-control wpcf7-text\" aria-invalid=\"false\" \/><\/span> <\/label><\/p>\n<p><label> Sua mensagem<br \/>\n    <span class=\"wpcf7-form-control-wrap\" data-name=\"your-message\"><textarea name=\"your-message\" cols=\"40\" rows=\"10\" class=\"wpcf7-form-control wpcf7-textarea\" aria-invalid=\"false\"><\/textarea><\/span> <\/label><\/p>\n<p><input type=\"submit\" value=\"Enviar\" class=\"wpcf7-form-control has-spinner wpcf7-submit\" \/><\/p>\n<label class=\"apbct_special_field\" id=\"apbct_label_id40121\" for=\"apbct__email_id__wp_contact_form_7_40121\">40121<\/label><input \n        id=\"apbct__email_id__wp_contact_form_7_40121\" \n        class=\"apbct_special_field apbct__email_id__wp_contact_form_7\"\n        autocomplete=\"off\" \n        name=\"apbct__email_id__wp_contact_form_7_40121\"  \n        type=\"text\" \n        value=\"40121\" \n        size=\"30\" \n        apbct_event_id=\"40121\"\n        maxlength=\"200\" \n    \/><input \n        id=\"apbct_event_id_wp_contact_form_7_40121\"\n        class=\"apbct_special_field\"\n        name=\"apbct_event_id\"\n        type=\"hidden\" \n        value=\"40121\" \n            \/><div class=\"wpcf7-response-output\" aria-hidden=\"true\"><\/div><\/form><\/div><\/div> <\/div><\/div>","protected":false},"excerpt":{"rendered":"<p>WhatsApp Informa\u00e7\u00f5es+55 51 30431925 Veja sua posi\u00e7\u00e3o de entrega, solicita\u00e7\u00f5es de coleta e demais informa\u00e7\u00f5es&nbsp;neste n\u00famero: WhatsApp Comercial+55 51 995112868 Fale com nossa equipe apontando a c\u00e2mera do seu celular para o QR Code abaixo: WhatsApp Cobran\u00e7a +55 51 998383440 Fale com nossa equipe apontando a c\u00e2mera do seu celular para o QR Code abaixo:&hellip; <br \/> <a class=\"button small blue\" href=\"https:\/\/serranotransportes.com.br\/site\/?p=126\">Leia mais<\/a><\/p>\n","protected":false},"author":1,"featured_media":0,"parent":0,"menu_order":0,"comment_status":"closed","ping_status":"closed","template":"","meta":[],"jetpack_sharing_enabled":true,"jetpack_shortlink":"https:\/\/wp.me\/PaQ8Uc-5","_links":{"self":[{"href":"https:\/\/serranotransportes.com.br\/site\/index.php?rest_route=\/wp\/v2\/pages\/5"}],"collection":[{"href":"https:\/\/serranotransportes.com.br\/site\/index.php?rest_route=\/wp\/v2\/pages"}],"about":[{"href":"https:\/\/serranotransportes.com.br\/site\/index.php?rest_route=\/wp\/v2\/types\/page"}],"author":[{"embeddable":true,"href":"https:\/\/serranotransportes.com.br\/site\/index.php?rest_route=\/wp\/v2\/users\/1"}],"replies":[{"embeddable":true,"href":"https:\/\/serranotransportes.com.br\/site\/index.php?rest_route=%2Fwp%2Fv2%2Fcomments&post=5"}],"version-history":[{"count":79,"href":"https:\/\/serranotransportes.com.br\/site\/index.php?rest_route=\/wp\/v2\/pages\/5\/revisions"}],"predecessor-version":[{"id":739,"href":"https:\/\/serranotransportes.com.br\/site\/index.php?rest_route=\/wp\/v2\/pages\/5\/revisions\/739"}],"wp:attachment":[{"href":"https:\/\/serranotransportes.com.br\/site\/index.php?rest_route=%2Fwp%2Fv2%2Fmedia&parent=5"}],"curies":[{"name":"wp","href":"https:\/\/api.w.org\/{rel}","templated":true}]}}